{"id":180,"date":"2024-07-09T15:25:52","date_gmt":"2024-07-09T13:25:52","guid":{"rendered":"https:\/\/www.juste-place.com\/?page_id=180"},"modified":"2024-09-20T15:05:16","modified_gmt":"2024-09-20T13:05:16","slug":"juste-place-2","status":"publish","type":"page","link":"https:\/\/www.juste-place.com\/index.php\/juste-place-2\/","title":{"rendered":"Juste place"},"content":{"rendered":"<p>[et_pb_section fb_built=\u00a0\u00bb1&Prime; admin_label=\u00a0\u00bbHeader\u00a0\u00bb _builder_version=\u00a0\u00bb4.21.0&Prime; _module_preset=\u00a0\u00bbdefault\u00a0\u00bb custom_padding=\u00a0\u00bb||0px||false|false\u00a0\u00bb collapsed=\u00a0\u00bbon\u00a0\u00bb global_colors_info=\u00a0\u00bb{}\u00a0\u00bb][et_pb_row _builder_version=\u00a0\u00bb4.21.0&Prime; _module_preset=\u00a0\u00bbdefault\u00a0\u00bb global_colors_info=\u00a0\u00bb{}\u00a0\u00bb][et_pb_column type=\u00a0\u00bb4_4&Prime; _builder_version=\u00a0\u00bb4.21.0&Prime; _module_preset=\u00a0\u00bbdefault\u00a0\u00bb global_colors_info=\u00a0\u00bb{}\u00a0\u00bb][et_pb_text _builder_version=\u00a0\u00bb4.26.0&Prime; _module_preset=\u00a0\u00bb3413ef2f-5433-44af-a1cc-2b510f4195af\u00a0\u00bb header_font_size=\u00a0\u00bb54px\u00a0\u00bb global_colors_info=\u00a0\u00bb{}\u00a0\u00bb]<\/p>\n<h1><span style=\"color: #06668c;\">\u00a0 \u00a0 \u00a0 \u00a0 \u00a0 \u00a0 \u00a0 \u00a0Juste<\/span> <span style=\"color: #06668c;\">place<\/span><\/h1>\n<p>[\/et_pb_text][\/et_pb_column][\/et_pb_row][\/et_pb_section][et_pb_section fb_built=\u00a0\u00bb1&Prime; admin_label=\u00a0\u00bbAbout\u00a0\u00bb _builder_version=\u00a0\u00bb4.21.0&Prime; _module_preset=\u00a0\u00bbdefault\u00a0\u00bb custom_padding=\u00a0\u00bb8px|||||\u00a0\u00bb collapsed=\u00a0\u00bbon\u00a0\u00bb global_colors_info=\u00a0\u00bb{}\u00a0\u00bb][et_pb_row column_structure=\u00a0\u00bb1_3,2_3&Prime; _builder_version=\u00a0\u00bb4.21.0&Prime; _module_preset=\u00a0\u00bbdefault\u00a0\u00bb custom_padding=\u00a0\u00bb||6px|||\u00a0\u00bb global_colors_info=\u00a0\u00bb{}\u00a0\u00bb][et_pb_column type=\u00a0\u00bb1_3&Prime; _builder_version=\u00a0\u00bb4.21.0&Prime; _module_preset=\u00a0\u00bbdefault\u00a0\u00bb global_colors_info=\u00a0\u00bb{}\u00a0\u00bb][et_pb_image src=\u00a0\u00bbhttps:\/\/www.juste-place.com\/wp-content\/uploads\/2024\/09\/IMG_1539.jpg\u00a0\u00bb title_text=\u00a0\u00bbIMG_1539&Prime; _builder_version=\u00a0\u00bb4.27.0&Prime; _module_preset=\u00a0\u00bbdefault\u00a0\u00bb global_colors_info=\u00a0\u00bb{}\u00a0\u00bb][\/et_pb_image][\/et_pb_column][et_pb_column type=\u00a0\u00bb2_3&Prime; _builder_version=\u00a0\u00bb4.21.0&Prime; _module_preset=\u00a0\u00bbdefault\u00a0\u00bb global_colors_info=\u00a0\u00bb{}\u00a0\u00bb][et_pb_text _builder_version=\u00a0\u00bb4.27.0&Prime; _module_preset=\u00a0\u00bb043ef93a-74e3-4a5e-ba0b-b18971efc1f6&Prime; header_2_text_color=\u00a0\u00bb#427AA1&Prime; header_2_font_size=\u00a0\u00bb40px\u00a0\u00bb custom_margin=\u00a0\u00bb||19px|||\u00a0\u00bb global_colors_info=\u00a0\u00bb{}\u00a0\u00bb]<\/p>\n<h2>Severine Girod, accompagnatrice de potentiel<\/h2>\n<p>[\/et_pb_text][et_pb_text _builder_version=\u00a0\u00bb4.26.0&Prime; _module_preset=\u00a0\u00bb3d491f1d-d305-46e7-ad3c-537114e782c8&Prime; text_font_size=\u00a0\u00bb14px\u00a0\u00bb text_orientation=\u00a0\u00bbjustified\u00a0\u00bb global_colors_info=\u00a0\u00bb{}\u00a0\u00bb]<\/p>\n<p>Il est souvent de circonstance de dire le meilleur de soi dans cette partie. Moi, j\u2019ai juste envie de vous raconter la vraie s\u00e9verine, ou \u00ab sev \u00bb pour mes proches.<br \/>J\u2019ai obtenu mon baccalaur\u00e9at s\u00e9rie B (et oui je suis \u00ab peu \u00bb vieille) en 1992 non sans mal ! au rattrapage. J\u2019\u00e9tais une \u00e9l\u00e8ve moyenne dont le dossier scolaire ne permettait pas de choisir une autre issue que l\u2019universit\u00e9. Il n\u2019y avait pas Parcoursup dans les ann\u00e9es 90. N\u2019ayant aucune id\u00e9e de ce que j\u2019avais envie de faire, je me suis inscrite en psychologie. A l\u2019\u00e9poque, il ne faut pas se mentir, la fac de psychologie accueillait tout le monde et souvent les \u00ab un peu perdus. \u00bb Cela a bien chang\u00e9 aujourd\u2019hui !<br \/>Arriv\u00e9e par hasard sans conviction aucune, cette voie m\u2019a beaucoup plu. J\u2019ai commenc\u00e9 \u00e0 avoir de bonnes notes et j\u2019ai valid\u00e9 les ann\u00e9es jusqu\u2019\u00e0 l\u2019obtention de mon DESS en psychologie sociale conseil et \u00e9tudes appliqu\u00e9es (master 2 aujourd&rsquo;hui ) en 1997.<\/p>\n<p>Je suis donc intimement persuad\u00e9e que lorsqu\u2019un jeune ou moins jeune donne un sens \u00e0 sa scolarit\u00e9, il peut r\u00e9ussir ou se donner les moyens de r\u00e9ussir. L\u2019orientation est un sujet qui me tient \u00e0 c\u0153ur c\u2019est pourquoi, \u00e0 une p\u00e9riode de ma vie, je suis devenue g\u00e9rante pendant 7 ans de Cap \u00e9tudes, cabinet d\u2019orientation scolaire et universitaire \u00e0 Bayonne.<br \/>Mon bac+5 en poche, je trouve mon premier emploi en r\u00e9gion parisienne en occupant le poste de charg\u00e9e d\u2019\u00e9tudes qualitatives. Loin de moi, l\u2019id\u00e9e de vous exposer tout mon cv mais cette exp\u00e9rience me tient \u00e0 c\u0153ur. Pourquoi ? parce que rien ne pr\u00e9destinait une personne titulaire d\u2019un DESS en psychologie sociale \u00e0 travailler dans une soci\u00e9t\u00e9 d\u2019\u00e9tudes de march\u00e9 sp\u00e9cialis\u00e9e en produits financiers ! comme quoi, la vie est faite d\u2019opportunit\u00e9s, de rencontres et de chance (non la chance, elle se provoque).<\/p>\n<p>[\/et_pb_text][\/et_pb_column][\/et_pb_row][et_pb_row _builder_version=\u00a0\u00bb4.26.0&Prime; _module_preset=\u00a0\u00bbdefault\u00a0\u00bb custom_padding=\u00a0\u00bb11px|||||\u00a0\u00bb global_colors_info=\u00a0\u00bb{}\u00a0\u00bb][et_pb_column type=\u00a0\u00bb4_4&Prime; _builder_version=\u00a0\u00bb4.26.0&Prime; _module_preset=\u00a0\u00bbdefault\u00a0\u00bb global_colors_info=\u00a0\u00bb{}\u00a0\u00bb][et_pb_text _builder_version=\u00a0\u00bb4.26.0&Prime; _module_preset=\u00a0\u00bb3d491f1d-d305-46e7-ad3c-537114e782c8&Prime; text_font_size=\u00a0\u00bb14px\u00a0\u00bb text_orientation=\u00a0\u00bbjustified\u00a0\u00bb global_colors_info=\u00a0\u00bb{}\u00a0\u00bb]<\/p>\n<p>\u00a0Cette exp\u00e9rience et surtout ma directrice de l\u2019\u00e9poque m\u2019a appris la rigueur professionnelle, le bien parl\u00e9 et bien \u00e9crit et le \u00ab tout est possible \u00bb. Moi si timide, r\u00e9serv\u00e9e, me voil\u00e0 \u00e0 animer des groupes de consommateurs avec des clients qui regardent derri\u00e8re une glace sans tain. Oui tout est possible !<\/p>\n<p>J\u2019ai ensuite d\u00e9m\u00e9nag\u00e9 dans le sud-est o\u00f9 j\u2019ai occup\u00e9 des postes de conseill\u00e8re en emploi et formation puis de consultante RH. Je suis arriv\u00e9e au Pays basque en 2006. J\u2019ai oubli\u00e9 de pr\u00e9ciser, je suis originaire de L\u00e9ognan en gironde. J\u2019ai alors occup\u00e9 des postes de psychologues du travail, de consultante RH, de g\u00e9rante et enfin de responsable ressources humaines.<br \/>Oui, j\u2019ai oubli\u00e9 de mentionner qu\u2019en 2019, je me suis lanc\u00e9e le d\u00e9fi de valider un master 2 en RH en formation continue. J\u2019avais toujours eu l\u2019id\u00e9e de travailler dans les ressources humaines, j\u2019avais une image id\u00e9aliste du m\u00e9tier je crois \u00e0 cette \u00e9poque. Je suis all\u00e9e au bout de ce challenge et valid\u00e9 mon dipl\u00f4me en 2020. Pour moi 2020 c\u2019est certes la crise sanitaire, le confinement mais \u00e9galement l\u2019aboutissement d\u2019un d\u00e9fi un peu fou d\u2019aller au bout d\u2019un r\u00eave, d\u2019une id\u00e9e.<\/p>\n<p>Et voil\u00e0 qu\u2019en 2024, l\u2019ann\u00e9e de mon changement de dizaine, 50 ans, j\u2019ai envie de relever un nouveau challenge et donner un nouveau sens \u00e0 mon travail en cr\u00e9ant Juste Place.<\/p>\n<p>[\/et_pb_text][\/et_pb_column][\/et_pb_row][\/et_pb_section]<\/p>\n","protected":false},"excerpt":{"rendered":"<p>\u00a0 \u00a0 \u00a0 \u00a0 \u00a0 \u00a0 \u00a0 \u00a0Juste placeSeverine Girod, accompagnatrice de potentielIl est souvent de circonstance de dire le meilleur de soi dans cette partie. Moi, j\u2019ai juste envie de vous raconter la vraie s\u00e9verine, ou \u00ab sev \u00bb pour mes proches.J\u2019ai obtenu mon baccalaur\u00e9at s\u00e9rie B (et oui je suis \u00ab peu \u00bb [&hellip;]<\/p>\n","protected":false},"author":3,"featured_media":0,"parent":0,"menu_order":0,"comment_status":"closed","ping_status":"closed","template":"","meta":{"_et_pb_use_builder":"on","_et_pb_old_content":"","_et_gb_content_width":"","footnotes":""},"difl_page_category":[],"class_list":["post-180","page","type-page","status-publish","hentry"],"_links":{"self":[{"href":"https:\/\/www.juste-place.com\/index.php\/wp-json\/wp\/v2\/pages\/180","targetHints":{"allow":["GET"]}}],"collection":[{"href":"https:\/\/www.juste-place.com\/index.php\/wp-json\/wp\/v2\/pages"}],"about":[{"href":"https:\/\/www.juste-place.com\/index.php\/wp-json\/wp\/v2\/types\/page"}],"author":[{"embeddable":true,"href":"https:\/\/www.juste-place.com\/index.php\/wp-json\/wp\/v2\/users\/3"}],"replies":[{"embeddable":true,"href":"https:\/\/www.juste-place.com\/index.php\/wp-json\/wp\/v2\/comments?post=180"}],"version-history":[{"count":0,"href":"https:\/\/www.juste-place.com\/index.php\/wp-json\/wp\/v2\/pages\/180\/revisions"}],"wp:attachment":[{"href":"https:\/\/www.juste-place.com\/index.php\/wp-json\/wp\/v2\/media?parent=180"}],"wp:term":[{"taxonomy":"difl_page_category","embeddable":true,"href":"https:\/\/www.juste-place.com\/index.php\/wp-json\/wp\/v2\/difl_page_category?post=180"}],"curies":[{"name":"wp","href":"https:\/\/api.w.org\/{rel}","templated":true}]}}